{"id":2118,"date":"2019-03-08T22:10:29","date_gmt":"2019-03-08T22:10:29","guid":{"rendered":"http:\/\/www.autocrossteam.ch\/wordpress\/?page_id=2118"},"modified":"2019-03-08T22:10:30","modified_gmt":"2019-03-08T22:10:30","slug":"links","status":"publish","type":"page","link":"https:\/\/www.autocrossteam.ch\/?page_id=2118","title":{"rendered":"Links"},"content":{"rendered":"\n<p>Die nachfolgenden Links f\u00fchren auf externe Seiten.<\/p>\n\n\n\n<h3 class=\"wp-block-heading\">Autocross Verb\u00e4nde&nbsp;<\/h3>\n\n\n\n<table class=\"wp-block-table\"><tbody><tr><td>&nbsp;<a href=\"http:\/\/3-nationen-cup.com\" target=\"_blank\" rel=\"noreferrer noopener\">3-Nationen-Cup (CH,F,D)<\/a><\/td><\/tr><tr><td>&nbsp;<a href=\"http:\/\/autocross-em.de\" target=\"_blank\" rel=\"noreferrer noopener\">Autocross Europameisterschaft<\/a><\/td><\/tr><tr><td>&nbsp;<a href=\"http:\/\/www.autocrossonline.nl\" target=\"_blank\" rel=\"noreferrer noopener\">Autocross Online Niederlande<\/a><\/td><\/tr><tr><td>&nbsp;<a href=\"http:\/\/www.autocrossverband.ch\/\u200e\" target=\"_blank\" rel=\"noreferrer noopener\">Autocrossverband Schweiz<\/a><\/td><\/tr><\/tbody><\/table>\n\n\n\n<h3 class=\"wp-block-heading\">Autocross Clubs&nbsp;<\/h3>\n\n\n\n<table class=\"wp-block-table\"><tbody><tr><td>&nbsp;<a href=\"http:\/\/www.amsc-pfeffelbach.de\" target=\"_blank\" rel=\"noreferrer noopener\">AMSC Pfeffelbach (D)<\/a><\/td><\/tr><tr><td>&nbsp;<a href=\"http:\/\/www.autocrossfreunde-steinlachtal.de\/\" target=\"_blank\" rel=\"noreferrer noopener\">Autocross Freunde Steinlachtal (D)<\/a><\/td><\/tr><tr><td>&nbsp;<a href=\"http:\/\/matschenberg.de\" target=\"_blank\" rel=\"noreferrer noopener\">MC Oberlausitzer Bergland e.V. &#8211; Matschenberg (D)<\/a><\/td><\/tr><tr><td>&nbsp;<a href=\"http:\/\/www.scc-neuenburg.de\" target=\"_blank\" rel=\"noreferrer noopener\">SCC Neuenburg e. V. (D)<\/a><\/td><\/tr><tr><td>&nbsp;<a href=\"http:\/\/www.sportclubmaggiora.it\/sport_club_maggiora.htm\" target=\"_blank\" rel=\"noreferrer noopener\">Sport Club Maggiora (I)<\/a><\/td><\/tr><tr><td>&nbsp;<a href=\"http:\/\/www.scc-albbruck.de\" target=\"_blank\" rel=\"noreferrer noopener\">Stock Car Club Albbruck (D)<\/a><\/td><\/tr><tr><td>&nbsp;<a href=\"http:\/\/www.scct.de\/\" target=\"_blank\" rel=\"noreferrer noopener\">Stock Car Club Trossingen (D)<\/a><\/td><\/tr><tr><td>&nbsp;<a href=\"http:\/\/www.terre-67.com\" target=\"_blank\" rel=\"noreferrer noopener\">Terre 67 &#8211; Autocross Steinbourg (F)<\/a><\/td><\/tr><\/tbody><\/table>\n\n\n\n<h3 class=\"wp-block-heading\">Autocross Teams&nbsp;<\/h3>\n\n\n\n<table class=\"wp-block-table\"><tbody><tr><td>&nbsp;<a href=\"http:\/\/www.autocross-baumgartner.ch\" target=\"_blank\" rel=\"noreferrer noopener\">Autocross Baumgartner<\/a><\/td><\/tr><tr><td>&nbsp;<a href=\"http:\/\/autocrossracing.ch\" target=\"_blank\" rel=\"noreferrer noopener\">Autocrossracing Denise und Rene Euthal<\/a><\/td><\/tr><tr><td>&nbsp;<a href=\"http:\/\/www.adrenalin-racing.ch\" target=\"_blank\" rel=\"noreferrer noopener\">Edy Raschle Racing Team<\/a><\/td><\/tr><tr><td>&nbsp;<a href=\"http:\/\/www.roth-motorsport.ch\/\" target=\"_blank\" rel=\"noreferrer noopener\">Roth Motorsport Team<\/a><\/td><\/tr><tr><td>&nbsp;<a href=\"http:\/\/karaimotorsport.hu\" target=\"_blank\" rel=\"noreferrer noopener\">Tam\u00e1s K\u00e1rai &#8211; K\u00e1rai Motorsport (HU)<\/a><\/td><\/tr><\/tbody><\/table>\n\n\n\n<h3 class=\"wp-block-heading\">Unterhaltung Autocross-Bar&nbsp;<\/h3>\n\n\n\n<table class=\"wp-block-table\"><tbody><tr><td>&nbsp;<a href=\"http:\/\/www.dj-friedlich.ch\" target=\"_blank\" rel=\"noreferrer noopener\">DJ Friedlich Thomas Maurer<\/a><\/td><\/tr><tr><td>&nbsp;<a href=\"http:\/\/www.djm\u00e4se.ch\" target=\"_blank\" rel=\"noreferrer noopener\">DJ M\u00e4se Marcel Wattenhofer<\/a><\/td><\/tr><tr><td>&nbsp;<a href=\"http:\/\/raphaelfuchs.ch\" target=\"_blank\" rel=\"noreferrer noopener\">L\u00e4ndlerformation Raphi Fuchs und Co<\/a><\/td><\/tr><\/tbody><\/table>\n\n\n\n<h3 class=\"wp-block-heading\">Verschiedenes&nbsp;<\/h3>\n\n\n\n<table class=\"wp-block-table\"><tbody><tr><td>&nbsp;<a href=\"http:\/\/www.ias.zhaw.ch\/de.html\" target=\"_blank\" rel=\"noreferrer noopener\">IAS Institut f\u00fcr Angewandte Simulation ZHAW<\/a><\/td><\/tr><tr><td>&nbsp;<a href=\"http:\/\/www.youtube.com\/user\/KenBlockRacing\" target=\"_blank\" rel=\"noreferrer noopener\">Ken Block Racing<\/a><\/td><\/tr><tr><td>&nbsp;<a href=\"http:\/\/www.baesebeiz.ch\" target=\"_blank\" rel=\"noreferrer noopener\">Ziegler&#8217;s B\u00e4sebeiz H\u00fctten<\/a><\/td><\/tr><\/tbody><\/table>\n","protected":false},"excerpt":{"rendered":"<p>Die nachfolgenden Links f\u00fchren auf externe Seiten. Autocross Verb\u00e4nde&nbsp; &nbsp;3-Nationen-Cup (CH,F,D) &nbsp;Autocross Europameisterschaft &nbsp;Autocross Online Niederlande &nbsp;Autocrossverband Schweiz Autocross Clubs&nbsp;<\/p>\n","protected":false},"author":3,"featured_media":0,"parent":0,"menu_order":0,"comment_status":"closed","ping_status":"closed","template":"","meta":{"footnotes":""},"class_list":["post-2118","page","type-page","status-publish","hentry"],"_links":{"self":[{"href":"https:\/\/www.autocrossteam.ch\/index.php?rest_route=\/wp\/v2\/pages\/2118","targetHints":{"allow":["GET"]}}],"collection":[{"href":"https:\/\/www.autocrossteam.ch\/index.php?rest_route=\/wp\/v2\/pages"}],"about":[{"href":"https:\/\/www.autocrossteam.ch\/index.php?rest_route=\/wp\/v2\/types\/page"}],"author":[{"embeddable":true,"href":"https:\/\/www.autocrossteam.ch\/index.php?rest_route=\/wp\/v2\/users\/3"}],"replies":[{"embeddable":true,"href":"https:\/\/www.autocrossteam.ch\/index.php?rest_route=%2Fwp%2Fv2%2Fcomments&post=2118"}],"version-history":[{"count":1,"href":"https:\/\/www.autocrossteam.ch\/index.php?rest_route=\/wp\/v2\/pages\/2118\/revisions"}],"predecessor-version":[{"id":2119,"href":"https:\/\/www.autocrossteam.ch\/index.php?rest_route=\/wp\/v2\/pages\/2118\/revisions\/2119"}],"wp:attachment":[{"href":"https:\/\/www.autocrossteam.ch\/index.php?rest_route=%2Fwp%2Fv2%2Fmedia&parent=2118"}],"curies":[{"name":"wp","href":"https:\/\/api.w.org\/{rel}","templated":true}]}}